{"id":35,"date":"2023-02-28T15:31:17","date_gmt":"2023-02-28T14:31:17","guid":{"rendered":"https:\/\/cryptopourtous.fr\/index.php\/blog\/"},"modified":"2024-09-15T20:01:19","modified_gmt":"2024-09-15T18:01:19","slug":"blog","status":"publish","type":"page","link":"https:\/\/cryptopourtous.fr\/?page_id=35","title":{"rendered":"BLOG"},"content":{"rendered":"\n<div style=\"height:20px\" aria-hidden=\"true\" class=\"wp-block-spacer\"><\/div>\n\n\n\n<div class=\"wp-block-cover\" style=\"min-height:204px;aspect-ratio:unset;\"><span aria-hidden=\"true\" class=\"wp-block-cover__background has-background-dim\" style=\"background-color:#8d7c6b\"><\/span><img data-recalc-dims=\"1\" loading=\"lazy\" decoding=\"async\" width=\"605\" height=\"605\" class=\"wp-block-cover__image-background wp-image-710\" alt=\"\" src=\"https:\/\/i0.wp.com\/cryptopourtous.fr\/wp-content\/uploads\/2024\/08\/Redaction.jpg?resize=605%2C605&#038;ssl=1\" style=\"object-position:87% 86%\" data-object-fit=\"cover\" data-object-position=\"87% 86%\" srcset=\"https:\/\/i0.wp.com\/cryptopourtous.fr\/wp-content\/uploads\/2024\/08\/Redaction.jpg?w=896&amp;ssl=1 896w, https:\/\/i0.wp.com\/cryptopourtous.fr\/wp-content\/uploads\/2024\/08\/Redaction.jpg?resize=300%2C300&amp;ssl=1 300w, https:\/\/i0.wp.com\/cryptopourtous.fr\/wp-content\/uploads\/2024\/08\/Redaction.jpg?resize=150%2C150&amp;ssl=1 150w, https:\/\/i0.wp.com\/cryptopourtous.fr\/wp-content\/uploads\/2024\/08\/Redaction.jpg?resize=768%2C768&amp;ssl=1 768w, https:\/\/i0.wp.com\/cryptopourtous.fr\/wp-content\/uploads\/2024\/08\/Redaction.jpg?resize=100%2C100&amp;ssl=1 100w, https:\/\/i0.wp.com\/cryptopourtous.fr\/wp-content\/uploads\/2024\/08\/Redaction.jpg?resize=200%2C200&amp;ssl=1 200w, https:\/\/i0.wp.com\/cryptopourtous.fr\/wp-content\/uploads\/2024\/08\/Redaction.jpg?resize=450%2C450&amp;ssl=1 450w, https:\/\/i0.wp.com\/cryptopourtous.fr\/wp-content\/uploads\/2024\/08\/Redaction.jpg?resize=600%2C600&amp;ssl=1 600w, https:\/\/i0.wp.com\/cryptopourtous.fr\/wp-content\/uploads\/2024\/08\/Redaction.jpg?resize=400%2C400&amp;ssl=1 400w\" sizes=\"auto, (max-width: 605px) 100vw, 605px\" \/><div class=\"wp-block-cover__inner-container is-layout-constrained wp-block-cover-is-layout-constrained\">\n<p class=\"has-text-align-center has-normal-font-size\"><\/p>\n<\/div><\/div>\n\n\n\n<div style=\"height:20px\" aria-hidden=\"true\" class=\"wp-block-spacer\"><\/div>\n\n\n\n<div class=\"wp-block-group\"><div class=\"wp-block-group__inner-container is-layout-constrained wp-block-group-is-layout-constrained\">\n<p class=\"has-normal-font-size\">Bienvenue dans le blog de <strong><a href=\"https:\/\/cryptopourtous.fr\/\">cryptopourtous.fr<\/a> <\/strong>!&nbsp; Vous \u00eates <strong>curieux de comprendre<\/strong> ce qui se cache derri\u00e8re le Bitcoin ? Vous souhaitez <strong>approfondir vos connaissances<\/strong> sur les cryptomonnaies et la technologie blockchain ? Ce blog est fait pour vous !<\/p>\n<\/div><\/div>\n\n\n\n<div class=\"wp-block-group\"><div class=\"wp-block-group__inner-container is-layout-constrained wp-block-group-is-layout-constrained\">\n<p class=\"has-normal-font-size\">Dans ce blog, nous vous proposons <strong>des articles simples et clairs pour vous guider<\/strong> dans cet univers en constante \u00e9volution. Bitcoin, Blockchain, NFT&#8230; &nbsp;Autant de termes qui font d\u00e9sormais partie de notre quotidien. Mais qu&rsquo;est-ce qui se cache r\u00e9ellement derri\u00e8re ces concepts ?<\/p>\n<\/div><\/div>\n\n\n\n<h2 class=\"wp-block-heading\"><strong>Pr\u00eat \u00e0 embarquer pour cette aventure ?<\/strong><\/h2>\n\n\n<ul style=\"background:linear-gradient(135deg,rgb(238,238,238) 83%,rgb(169,184,195) 100%);\" class=\"wp-block-latest-posts__list wp-block-latest-posts has-background\"><li><div class=\"wp-block-latest-posts__featured-image alignleft\"><a href=\"https:\/\/cryptopourtous.fr\/?p=614\" aria-label=\"La Blockchain Expliqu\u00e9e Simplement\"><img loading=\"lazy\" decoding=\"async\" width=\"150\" height=\"150\" src=\"https:\/\/i0.wp.com\/cryptopourtous.fr\/wp-content\/uploads\/2024\/09\/converted_image_1.jpeg?resize=150%2C150&amp;ssl=1\" class=\"attachment-thumbnail size-thumbnail wp-post-image\" alt=\"La Blockchain Expliqu\u00e9e Simplement\" style=\"max-width:113px;max-height:113px;\" srcset=\"https:\/\/i0.wp.com\/cryptopourtous.fr\/wp-content\/uploads\/2024\/09\/converted_image_1.jpeg?w=1024&amp;ssl=1 1024w, https:\/\/i0.wp.com\/cryptopourtous.fr\/wp-content\/uploads\/2024\/09\/converted_image_1.jpeg?resize=300%2C300&amp;ssl=1 300w, https:\/\/i0.wp.com\/cryptopourtous.fr\/wp-content\/uploads\/2024\/09\/converted_image_1.jpeg?resize=150%2C150&amp;ssl=1 150w, https:\/\/i0.wp.com\/cryptopourtous.fr\/wp-content\/uploads\/2024\/09\/converted_image_1.jpeg?resize=768%2C768&amp;ssl=1 768w, https:\/\/i0.wp.com\/cryptopourtous.fr\/wp-content\/uploads\/2024\/09\/converted_image_1.jpeg?resize=100%2C100&amp;ssl=1 100w, https:\/\/i0.wp.com\/cryptopourtous.fr\/wp-content\/uploads\/2024\/09\/converted_image_1.jpeg?resize=200%2C200&amp;ssl=1 200w, https:\/\/i0.wp.com\/cryptopourtous.fr\/wp-content\/uploads\/2024\/09\/converted_image_1.jpeg?resize=450%2C450&amp;ssl=1 450w, https:\/\/i0.wp.com\/cryptopourtous.fr\/wp-content\/uploads\/2024\/09\/converted_image_1.jpeg?resize=600%2C600&amp;ssl=1 600w, https:\/\/i0.wp.com\/cryptopourtous.fr\/wp-content\/uploads\/2024\/09\/converted_image_1.jpeg?resize=900%2C900&amp;ssl=1 900w, https:\/\/i0.wp.com\/cryptopourtous.fr\/wp-content\/uploads\/2024\/09\/converted_image_1.jpeg?resize=400%2C400&amp;ssl=1 400w\" sizes=\"auto, (max-width: 150px) 100vw, 150px\" \/><\/a><\/div><a class=\"wp-block-latest-posts__post-title\" href=\"https:\/\/cryptopourtous.fr\/?p=614\">La Blockchain Expliqu\u00e9e Simplement<\/a><div class=\"wp-block-latest-posts__post-excerpt\">Derri\u00e8re le succ\u00e8s des cryptomonnaies se cache une technologie consid\u00e9r\u00e9e par de nombreux sp\u00e9cialistes comme r\u00e9volutionnaire, la blockchain. Nakamoto, le cr\u00e9ateur du Bitcoin, a \u00e9t\u00e9 le premier \u00e0 utiliser cette technologie, mais elle n\u2019a pas \u00e9t\u00e9 invent\u00e9e \u00e0 ce moment-l\u00e0.<div class=\"read-more\"><a href=\"https:\/\/cryptopourtous.fr\/?p=614\">Lire la suite &#8250;<\/a><\/div><!-- end of .read-more --><\/div><\/li>\n<li><div class=\"wp-block-latest-posts__featured-image alignleft\"><a href=\"https:\/\/cryptopourtous.fr\/?p=574\" aria-label=\"Le Bitcoin\u00a0: l\u2019Histoire d\u2019une R\u00e9volution\"><img loading=\"lazy\" decoding=\"async\" width=\"150\" height=\"150\" src=\"https:\/\/i0.wp.com\/cryptopourtous.fr\/wp-content\/uploads\/2024\/08\/bitcoin.jpg?resize=150%2C150&amp;ssl=1\" class=\"attachment-thumbnail size-thumbnail wp-post-image\" alt=\"\" style=\"max-width:113px;max-height:113px;\" srcset=\"https:\/\/i0.wp.com\/cryptopourtous.fr\/wp-content\/uploads\/2024\/08\/bitcoin.jpg?resize=150%2C150&amp;ssl=1 150w, https:\/\/i0.wp.com\/cryptopourtous.fr\/wp-content\/uploads\/2024\/08\/bitcoin.jpg?resize=100%2C100&amp;ssl=1 100w, https:\/\/i0.wp.com\/cryptopourtous.fr\/wp-content\/uploads\/2024\/08\/bitcoin.jpg?zoom=2&amp;resize=150%2C150&amp;ssl=1 300w, https:\/\/i0.wp.com\/cryptopourtous.fr\/wp-content\/uploads\/2024\/08\/bitcoin.jpg?zoom=3&amp;resize=150%2C150&amp;ssl=1 450w\" sizes=\"auto, (max-width: 150px) 100vw, 150px\" \/><\/a><\/div><a class=\"wp-block-latest-posts__post-title\" href=\"https:\/\/cryptopourtous.fr\/?p=574\">Le Bitcoin\u00a0: l\u2019Histoire d\u2019une R\u00e9volution<\/a><div class=\"wp-block-latest-posts__post-excerpt\">Pour comprendre la cryptomonnaie, il nous faut d\u00e9j\u00e0 comprendre le Bitcoin. D\u00e9couvrez les origines de cette premi\u00e8re cryptomonnaie, son histoire et ses \u00e9volutions.<div class=\"read-more\"><a href=\"https:\/\/cryptopourtous.fr\/?p=574\">Lire la suite &#8250;<\/a><\/div><!-- end of .read-more --><\/div><\/li>\n<\/ul>\n\n\n<div style=\"height:20px\" aria-hidden=\"true\" class=\"wp-block-spacer\"><\/div>\n\n\n\n<hr class=\"wp-block-separator has-alpha-channel-opacity\"\/>\n\n\n\n<div class=\"wp-block-media-text is-stacked-on-mobile is-vertically-aligned-center is-image-fill\" style=\"grid-template-columns:30% auto\"><figure class=\"wp-block-media-text__media\" style=\"background-image:url(https:\/\/cryptopourtous.fr\/wp-content\/uploads\/2023\/10\/Capture-decran-ebook-Acceuil-1024x666.png);background-position:50% 50%\"><img data-recalc-dims=\"1\" loading=\"lazy\" decoding=\"async\" width=\"605\" height=\"393\" src=\"https:\/\/i0.wp.com\/cryptopourtous.fr\/wp-content\/uploads\/2023\/10\/Capture-decran-ebook-Acceuil.png?resize=605%2C393&#038;ssl=1\" alt=\"T\u00e9l\u00e9chargez votre ebook\" class=\"wp-image-482 size-full\" srcset=\"https:\/\/i0.wp.com\/cryptopourtous.fr\/wp-content\/uploads\/2023\/10\/Capture-decran-ebook-Acceuil.png?resize=1024%2C666&amp;ssl=1 1024w, https:\/\/i0.wp.com\/cryptopourtous.fr\/wp-content\/uploads\/2023\/10\/Capture-decran-ebook-Acceuil.png?resize=300%2C195&amp;ssl=1 300w, https:\/\/i0.wp.com\/cryptopourtous.fr\/wp-content\/uploads\/2023\/10\/Capture-decran-ebook-Acceuil.png?resize=768%2C499&amp;ssl=1 768w, https:\/\/i0.wp.com\/cryptopourtous.fr\/wp-content\/uploads\/2023\/10\/Capture-decran-ebook-Acceuil.png?resize=100%2C65&amp;ssl=1 100w, https:\/\/i0.wp.com\/cryptopourtous.fr\/wp-content\/uploads\/2023\/10\/Capture-decran-ebook-Acceuil.png?resize=150%2C98&amp;ssl=1 150w, https:\/\/i0.wp.com\/cryptopourtous.fr\/wp-content\/uploads\/2023\/10\/Capture-decran-ebook-Acceuil.png?resize=200%2C130&amp;ssl=1 200w, https:\/\/i0.wp.com\/cryptopourtous.fr\/wp-content\/uploads\/2023\/10\/Capture-decran-ebook-Acceuil.png?resize=450%2C293&amp;ssl=1 450w, https:\/\/i0.wp.com\/cryptopourtous.fr\/wp-content\/uploads\/2023\/10\/Capture-decran-ebook-Acceuil.png?resize=600%2C390&amp;ssl=1 600w, https:\/\/i0.wp.com\/cryptopourtous.fr\/wp-content\/uploads\/2023\/10\/Capture-decran-ebook-Acceuil.png?resize=900%2C585&amp;ssl=1 900w, https:\/\/i0.wp.com\/cryptopourtous.fr\/wp-content\/uploads\/2023\/10\/Capture-decran-ebook-Acceuil.png?resize=400%2C260&amp;ssl=1 400w, https:\/\/i0.wp.com\/cryptopourtous.fr\/wp-content\/uploads\/2023\/10\/Capture-decran-ebook-Acceuil.png?w=1063&amp;ssl=1 1063w\" sizes=\"auto, (max-width: 605px) 100vw, 605px\" \/><\/figure><div class=\"wp-block-media-text__content\">\n<p class=\"has-text-align-left has-text-color has-normal-font-size\" style=\"color:#000000\">\ud83d\udca1 <strong>Vous souhaitez approfondir vos connaissances<\/strong> sur les cryptomonnaies et la blockchain ? Je partage avec vous ma passion et mes connaissances<strong> <\/strong>dans mon e-book exclusif&nbsp;! <strong>Un guide complet, sp\u00e9cialement con\u00e7u pour vous aider \u00e0 ma\u00eetriser tous les aspects de cet univers<\/strong> passionnant.<br><\/p>\n\n\n\n<div class=\"wp-block-buttons is-layout-flex wp-block-buttons-is-layout-flex\">\n<div class=\"wp-block-button\"><a class=\"wp-block-button__link has-button-color-background-color has-background wp-element-button\">DECOUVRIR VOTRE E-BOOK<\/a><\/div>\n<\/div>\n<\/div><\/div>\n\n\n\n<div style=\"height:20px\" aria-hidden=\"true\" class=\"wp-block-spacer\"><\/div>\n","protected":false},"excerpt":{"rendered":"<p>Bienvenue dans le blog de cryptopourtous.fr !&nbsp; Vous \u00eates curieux de comprendre ce qui se cache derri\u00e8re le Bitcoin ? Vous souhaitez approfondir vos connaissances sur les cryptomonnaies et la technologie blockchain ? Ce blog est fait pour vous ! &hellip;<\/p>\n<p class=\"read-more\"> <a class=\"more-link\" href=\"https:\/\/cryptopourtous.fr\/?page_id=35\"> <span class=\"screen-reader-text\">BLOG<\/span> Read More &raquo;<\/a><\/p>\n","protected":false},"author":1,"featured_media":0,"parent":0,"menu_order":0,"comment_status":"closed","ping_status":"closed","template":"full-width-page.php","meta":{"om_disable_all_campaigns":false,"_uf_show_specific_survey":0,"_uf_disable_surveys":false,"footnotes":""},"class_list":["post-35","page","type-page","status-publish","hentry"],"yoast_head":"<!-- This site is optimized with the Yoast SEO plugin v27.6 - https:\/\/yoast.com\/product\/yoast-seo-wordpress\/ -->\n<title>BLOG - CryptoPourTous<\/title>\n<meta name=\"robots\" content=\"noindex, nofollow\" \/>\n<meta property=\"og:locale\" content=\"fr_FR\" \/>\n<meta property=\"og:type\" content=\"article\" \/>\n<meta property=\"og:title\" content=\"BLOG - CryptoPourTous\" \/>\n<meta property=\"og:description\" content=\"Bienvenue dans le blog de cryptopourtous.fr !&nbsp; Vous \u00eates curieux de comprendre ce qui se cache derri\u00e8re le Bitcoin ? Vous souhaitez approfondir vos connaissances sur les cryptomonnaies et la technologie blockchain ? Ce blog est fait pour vous ! &hellip; BLOG Read More &raquo;\" \/>\n<meta property=\"og:url\" content=\"https:\/\/cryptopourtous.fr\/?page_id=35\" \/>\n<meta property=\"og:site_name\" content=\"CryptoPourTous\" \/>\n<meta property=\"article:modified_time\" content=\"2024-09-15T18:01:19+00:00\" \/>\n<meta property=\"og:image\" content=\"https:\/\/cryptopourtous.fr\/wp-content\/uploads\/2024\/08\/Redaction.jpg\" \/>\n<meta name=\"twitter:card\" content=\"summary_large_image\" \/>\n<meta name=\"twitter:label1\" content=\"Dur\u00e9e de lecture estim\u00e9e\" \/>\n\t<meta name=\"twitter:data1\" content=\"2 minutes\" \/>\n<script type=\"application\/ld+json\" class=\"yoast-schema-graph\">{\"@context\":\"https:\\\/\\\/schema.org\",\"@graph\":[{\"@type\":\"WebPage\",\"@id\":\"https:\\\/\\\/cryptopourtous.fr\\\/?page_id=35\",\"url\":\"https:\\\/\\\/cryptopourtous.fr\\\/?page_id=35\",\"name\":\"BLOG - CryptoPourTous\",\"isPartOf\":{\"@id\":\"https:\\\/\\\/cryptopourtous.fr\\\/#website\"},\"primaryImageOfPage\":{\"@id\":\"https:\\\/\\\/cryptopourtous.fr\\\/?page_id=35#primaryimage\"},\"image\":{\"@id\":\"https:\\\/\\\/cryptopourtous.fr\\\/?page_id=35#primaryimage\"},\"thumbnailUrl\":\"https:\\\/\\\/cryptopourtous.fr\\\/wp-content\\\/uploads\\\/2024\\\/08\\\/Redaction.jpg\",\"datePublished\":\"2023-02-28T14:31:17+00:00\",\"dateModified\":\"2024-09-15T18:01:19+00:00\",\"breadcrumb\":{\"@id\":\"https:\\\/\\\/cryptopourtous.fr\\\/?page_id=35#breadcrumb\"},\"inLanguage\":\"fr-FR\",\"potentialAction\":[{\"@type\":\"ReadAction\",\"target\":[\"https:\\\/\\\/cryptopourtous.fr\\\/?page_id=35\"]}]},{\"@type\":\"ImageObject\",\"inLanguage\":\"fr-FR\",\"@id\":\"https:\\\/\\\/cryptopourtous.fr\\\/?page_id=35#primaryimage\",\"url\":\"https:\\\/\\\/i0.wp.com\\\/cryptopourtous.fr\\\/wp-content\\\/uploads\\\/2024\\\/08\\\/Redaction.jpg?fit=896%2C896&ssl=1\",\"contentUrl\":\"https:\\\/\\\/i0.wp.com\\\/cryptopourtous.fr\\\/wp-content\\\/uploads\\\/2024\\\/08\\\/Redaction.jpg?fit=896%2C896&ssl=1\",\"width\":896,\"height\":896},{\"@type\":\"BreadcrumbList\",\"@id\":\"https:\\\/\\\/cryptopourtous.fr\\\/?page_id=35#breadcrumb\",\"itemListElement\":[{\"@type\":\"ListItem\",\"position\":1,\"name\":\"Accueil\",\"item\":\"https:\\\/\\\/cryptopourtous.fr\\\/\"},{\"@type\":\"ListItem\",\"position\":2,\"name\":\"BLOG\"}]},{\"@type\":\"WebSite\",\"@id\":\"https:\\\/\\\/cryptopourtous.fr\\\/#website\",\"url\":\"https:\\\/\\\/cryptopourtous.fr\\\/\",\"name\":\"CryptoPourTous\",\"description\":\"\",\"publisher\":{\"@id\":\"https:\\\/\\\/cryptopourtous.fr\\\/#organization\"},\"potentialAction\":[{\"@type\":\"SearchAction\",\"target\":{\"@type\":\"EntryPoint\",\"urlTemplate\":\"https:\\\/\\\/cryptopourtous.fr\\\/?s={search_term_string}\"},\"query-input\":{\"@type\":\"PropertyValueSpecification\",\"valueRequired\":true,\"valueName\":\"search_term_string\"}}],\"inLanguage\":\"fr-FR\"},{\"@type\":\"Organization\",\"@id\":\"https:\\\/\\\/cryptopourtous.fr\\\/#organization\",\"name\":\"DigitalDynamic\",\"url\":\"https:\\\/\\\/cryptopourtous.fr\\\/\",\"logo\":{\"@type\":\"ImageObject\",\"inLanguage\":\"fr-FR\",\"@id\":\"https:\\\/\\\/cryptopourtous.fr\\\/#\\\/schema\\\/logo\\\/image\\\/\",\"url\":\"https:\\\/\\\/i0.wp.com\\\/cryptopourtous.fr\\\/wp-content\\\/uploads\\\/2023\\\/02\\\/cropped-CryptoPourTous.png?fit=479%2C204&ssl=1\",\"contentUrl\":\"https:\\\/\\\/i0.wp.com\\\/cryptopourtous.fr\\\/wp-content\\\/uploads\\\/2023\\\/02\\\/cropped-CryptoPourTous.png?fit=479%2C204&ssl=1\",\"width\":479,\"height\":204,\"caption\":\"DigitalDynamic\"},\"image\":{\"@id\":\"https:\\\/\\\/cryptopourtous.fr\\\/#\\\/schema\\\/logo\\\/image\\\/\"}}]}<\/script>\n<!-- \/ Yoast SEO plugin. -->","yoast_head_json":{"title":"BLOG - CryptoPourTous","robots":{"index":"noindex","follow":"nofollow"},"og_locale":"fr_FR","og_type":"article","og_title":"BLOG - CryptoPourTous","og_description":"Bienvenue dans le blog de cryptopourtous.fr !&nbsp; Vous \u00eates curieux de comprendre ce qui se cache derri\u00e8re le Bitcoin ? Vous souhaitez approfondir vos connaissances sur les cryptomonnaies et la technologie blockchain ? Ce blog est fait pour vous ! &hellip; BLOG Read More &raquo;","og_url":"https:\/\/cryptopourtous.fr\/?page_id=35","og_site_name":"CryptoPourTous","article_modified_time":"2024-09-15T18:01:19+00:00","og_image":[{"url":"https:\/\/cryptopourtous.fr\/wp-content\/uploads\/2024\/08\/Redaction.jpg","type":"","width":"","height":""}],"twitter_card":"summary_large_image","twitter_misc":{"Dur\u00e9e de lecture estim\u00e9e":"2 minutes"},"schema":{"@context":"https:\/\/schema.org","@graph":[{"@type":"WebPage","@id":"https:\/\/cryptopourtous.fr\/?page_id=35","url":"https:\/\/cryptopourtous.fr\/?page_id=35","name":"BLOG - CryptoPourTous","isPartOf":{"@id":"https:\/\/cryptopourtous.fr\/#website"},"primaryImageOfPage":{"@id":"https:\/\/cryptopourtous.fr\/?page_id=35#primaryimage"},"image":{"@id":"https:\/\/cryptopourtous.fr\/?page_id=35#primaryimage"},"thumbnailUrl":"https:\/\/cryptopourtous.fr\/wp-content\/uploads\/2024\/08\/Redaction.jpg","datePublished":"2023-02-28T14:31:17+00:00","dateModified":"2024-09-15T18:01:19+00:00","breadcrumb":{"@id":"https:\/\/cryptopourtous.fr\/?page_id=35#breadcrumb"},"inLanguage":"fr-FR","potentialAction":[{"@type":"ReadAction","target":["https:\/\/cryptopourtous.fr\/?page_id=35"]}]},{"@type":"ImageObject","inLanguage":"fr-FR","@id":"https:\/\/cryptopourtous.fr\/?page_id=35#primaryimage","url":"https:\/\/i0.wp.com\/cryptopourtous.fr\/wp-content\/uploads\/2024\/08\/Redaction.jpg?fit=896%2C896&ssl=1","contentUrl":"https:\/\/i0.wp.com\/cryptopourtous.fr\/wp-content\/uploads\/2024\/08\/Redaction.jpg?fit=896%2C896&ssl=1","width":896,"height":896},{"@type":"BreadcrumbList","@id":"https:\/\/cryptopourtous.fr\/?page_id=35#breadcrumb","itemListElement":[{"@type":"ListItem","position":1,"name":"Accueil","item":"https:\/\/cryptopourtous.fr\/"},{"@type":"ListItem","position":2,"name":"BLOG"}]},{"@type":"WebSite","@id":"https:\/\/cryptopourtous.fr\/#website","url":"https:\/\/cryptopourtous.fr\/","name":"CryptoPourTous","description":"","publisher":{"@id":"https:\/\/cryptopourtous.fr\/#organization"},"potentialAction":[{"@type":"SearchAction","target":{"@type":"EntryPoint","urlTemplate":"https:\/\/cryptopourtous.fr\/?s={search_term_string}"},"query-input":{"@type":"PropertyValueSpecification","valueRequired":true,"valueName":"search_term_string"}}],"inLanguage":"fr-FR"},{"@type":"Organization","@id":"https:\/\/cryptopourtous.fr\/#organization","name":"DigitalDynamic","url":"https:\/\/cryptopourtous.fr\/","logo":{"@type":"ImageObject","inLanguage":"fr-FR","@id":"https:\/\/cryptopourtous.fr\/#\/schema\/logo\/image\/","url":"https:\/\/i0.wp.com\/cryptopourtous.fr\/wp-content\/uploads\/2023\/02\/cropped-CryptoPourTous.png?fit=479%2C204&ssl=1","contentUrl":"https:\/\/i0.wp.com\/cryptopourtous.fr\/wp-content\/uploads\/2023\/02\/cropped-CryptoPourTous.png?fit=479%2C204&ssl=1","width":479,"height":204,"caption":"DigitalDynamic"},"image":{"@id":"https:\/\/cryptopourtous.fr\/#\/schema\/logo\/image\/"}}]}},"jetpack_sharing_enabled":true,"_links":{"self":[{"href":"https:\/\/cryptopourtous.fr\/index.php?rest_route=\/wp\/v2\/pages\/35","targetHints":{"allow":["GET"]}}],"collection":[{"href":"https:\/\/cryptopourtous.fr\/index.php?rest_route=\/wp\/v2\/pages"}],"about":[{"href":"https:\/\/cryptopourtous.fr\/index.php?rest_route=\/wp\/v2\/types\/page"}],"author":[{"embeddable":true,"href":"https:\/\/cryptopourtous.fr\/index.php?rest_route=\/wp\/v2\/users\/1"}],"replies":[{"embeddable":true,"href":"https:\/\/cryptopourtous.fr\/index.php?rest_route=%2Fwp%2Fv2%2Fcomments&post=35"}],"version-history":[{"count":28,"href":"https:\/\/cryptopourtous.fr\/index.php?rest_route=\/wp\/v2\/pages\/35\/revisions"}],"predecessor-version":[{"id":893,"href":"https:\/\/cryptopourtous.fr\/index.php?rest_route=\/wp\/v2\/pages\/35\/revisions\/893"}],"wp:attachment":[{"href":"https:\/\/cryptopourtous.fr\/index.php?rest_route=%2Fwp%2Fv2%2Fmedia&parent=35"}],"curies":[{"name":"wp","href":"https:\/\/api.w.org\/{rel}","templated":true}]}}