{"id":67,"date":"2023-02-28T16:50:33","date_gmt":"2023-02-28T15:50:33","guid":{"rendered":"https:\/\/cryptopourtous.fr\/?page_id=67"},"modified":"2025-12-09T12:28:18","modified_gmt":"2025-12-09T11:28:18","slug":"cryptopourtous-fr","status":"publish","type":"page","link":"https:\/\/cryptopourtous.fr\/","title":{"rendered":"CryptoPourTous"},"content":{"rendered":"\n<h1 class=\"wp-block-heading has-text-align-center has-button-hover-text-color-color has-button-color-background-color has-text-color has-background has-normal-font-size\"><strong>Bienvenue sur CryptoPourTous, notre site web d\u00e9di\u00e9 \u00e0 la d\u00e9couverte de la Blockchain, une technologie consid\u00e9r\u00e9e comme r\u00e9volutionnaire dans de nombreux secteurs<\/strong><\/h1>\n\n\n\n<div class=\"wp-block-group\"><div class=\"wp-block-group__inner-container is-layout-constrained wp-block-group-is-layout-constrained\">\n<div class=\"wp-block-group\"><div class=\"wp-block-group__inner-container is-layout-constrained wp-block-group-is-layout-constrained\">\n<div class=\"wp-block-columns has-normal-font-size is-layout-flex wp-container-core-columns-is-layout-9d6595d7 wp-block-columns-is-layout-flex\">\n<div class=\"wp-block-column is-layout-flow wp-block-column-is-layout-flow\">\n<p class=\"has-normal-font-size\">La blockchain n&rsquo;est plus une technologie lointaine, elle est <strong>d\u00e9j\u00e0 en train de changer notre monde\u00a0!<\/strong><\/p>\n\n\n\n<p class=\"has-normal-font-size\">\ud83d\udd0d D\u00e9couvrez comment des g\u00e9ants comme LVMH, Prada, Cartier, Allianz, Microsoft, Google, Amazon, Samsung, Facebook, Carrefour\u2026 s&#8217;emparent de la blockchain pour <strong>r\u00e9volutionner le secteur du luxe, de l\u2019assurance, de la distribution, et bien plus.<\/strong><\/p>\n\n\n\n<p class=\"has-normal-font-size\">La blockchain est en train de transformer de nombreux secteurs, et vous l&rsquo;avez peut-\u00eatre d\u00e9j\u00e0 utilis\u00e9e sans le savoir. <strong>Et si la blockchain devenait notre quotidien ?<\/strong> Vous \u00eates int\u00e9ress\u00e9 par le sujet mais ne savez pas par o\u00f9 commencer ? Voici enfin l&rsquo;opportunit\u00e9 que vous attendiez !<\/p>\n<\/div>\n\n\n\n<div class=\"wp-block-column is-vertically-aligned-center is-layout-flow wp-block-column-is-layout-flow\">\n<figure class=\"wp-block-embed is-type-video is-provider-youtube wp-block-embed-youtube wp-embed-aspect-16-9 wp-has-aspect-ratio\"><div class=\"wp-block-embed__wrapper\">\n<iframe loading=\"lazy\" title=\"Votre Guide pour Comprendre la Blockchain &amp; la Cryptomonnaie Simplement !\" width=\"605\" height=\"340\" src=\"https:\/\/www.youtube.com\/embed\/WNQmt4aKUt8?feature=oembed\" frameborder=\"0\" allow=\"accelerometer; autoplay; clipboard-write; encrypted-media; gyroscope; picture-in-picture; web-share\" referrerpolicy=\"strict-origin-when-cross-origin\" allowfullscreen><\/iframe>\n<\/div><figcaption class=\"wp-element-caption\">Plongez dans un monde de technologie, d&rsquo;innovation, et de nouvelles opportunit\u00e9s.<\/figcaption><\/figure>\n<\/div>\n<\/div>\n\n\n\n<p><\/p>\n<\/div><\/div>\n<\/div><\/div>\n\n\n\n<div class=\"wp-block-buttons is-content-justification-center is-layout-flex wp-container-core-buttons-is-layout-16018d1d wp-block-buttons-is-layout-flex\">\n<div class=\"wp-block-button\"><a class=\"wp-block-button__link has-text-align-center wp-element-button\" href=\"https:\/\/cryptopourtous.fr\/?product=e-book_cryptomonnaie-et-blockchain\">T\u00e9l\u00e9chargez votre livre num\u00e9rique<\/a><\/div>\n<\/div>\n\n\n\n<div style=\"height:50px\" aria-hidden=\"true\" class=\"wp-block-spacer\"><\/div>\n\n\n\n<div class=\"wp-block-group\"><div class=\"wp-block-group__inner-container is-layout-constrained wp-block-group-is-layout-constrained\">\n<div class=\"wp-block-group\"><div class=\"wp-block-group__inner-container is-layout-constrained wp-block-group-is-layout-constrained\">\n<div class=\"wp-block-group\"><div class=\"wp-block-group__inner-container is-layout-constrained wp-block-group-is-layout-constrained\">\n<div class=\"wp-block-group\"><div class=\"wp-block-group__inner-container is-layout-constrained wp-block-group-is-layout-constrained\">\n<div class=\"wp-block-group\"><div class=\"wp-block-group__inner-container is-layout-constrained wp-block-group-is-layout-constrained\">\n<div class=\"wp-block-columns is-layout-flex wp-container-core-columns-is-layout-9d6595d7 wp-block-columns-is-layout-flex\">\n<div class=\"wp-block-column is-layout-flow wp-block-column-is-layout-flow\" style=\"flex-basis:33.33%\"><div class=\"wp-block-image\">\n<figure class=\"aligncenter size-full\"><img data-recalc-dims=\"1\" loading=\"lazy\" decoding=\"async\" width=\"512\" height=\"512\" src=\"https:\/\/i0.wp.com\/cryptopourtous.fr\/wp-content\/uploads\/2023\/03\/cropped-planet-1.png?resize=512%2C512&#038;ssl=1\" alt=\"\" class=\"wp-image-327\" srcset=\"https:\/\/i0.wp.com\/cryptopourtous.fr\/wp-content\/uploads\/2023\/03\/cropped-planet-1.png?w=512&amp;ssl=1 512w, https:\/\/i0.wp.com\/cryptopourtous.fr\/wp-content\/uploads\/2023\/03\/cropped-planet-1.png?resize=300%2C300&amp;ssl=1 300w, https:\/\/i0.wp.com\/cryptopourtous.fr\/wp-content\/uploads\/2023\/03\/cropped-planet-1.png?resize=150%2C150&amp;ssl=1 150w, https:\/\/i0.wp.com\/cryptopourtous.fr\/wp-content\/uploads\/2023\/03\/cropped-planet-1.png?resize=100%2C100&amp;ssl=1 100w, https:\/\/i0.wp.com\/cryptopourtous.fr\/wp-content\/uploads\/2023\/03\/cropped-planet-1.png?resize=200%2C200&amp;ssl=1 200w, https:\/\/i0.wp.com\/cryptopourtous.fr\/wp-content\/uploads\/2023\/03\/cropped-planet-1.png?resize=450%2C450&amp;ssl=1 450w, https:\/\/i0.wp.com\/cryptopourtous.fr\/wp-content\/uploads\/2023\/03\/cropped-planet-1.png?resize=400%2C400&amp;ssl=1 400w, https:\/\/i0.wp.com\/cryptopourtous.fr\/wp-content\/uploads\/2023\/03\/cropped-planet-1.png?resize=270%2C270&amp;ssl=1 270w, https:\/\/i0.wp.com\/cryptopourtous.fr\/wp-content\/uploads\/2023\/03\/cropped-planet-1.png?resize=192%2C192&amp;ssl=1 192w, https:\/\/i0.wp.com\/cryptopourtous.fr\/wp-content\/uploads\/2023\/03\/cropped-planet-1.png?resize=180%2C180&amp;ssl=1 180w, https:\/\/i0.wp.com\/cryptopourtous.fr\/wp-content\/uploads\/2023\/03\/cropped-planet-1.png?resize=32%2C32&amp;ssl=1 32w\" sizes=\"auto, (max-width: 512px) 100vw, 512px\" \/><\/figure><\/div><\/div>\n\n\n\n<div class=\"wp-block-column is-vertically-aligned-center is-layout-flow wp-block-column-is-layout-flow\" style=\"flex-basis:66.66%\">\n<p class=\"has-normal-font-size\">\ud83c\udf0d <strong>La blockchain<\/strong>, et par association, <strong>la cryptomonnaie<\/strong> sont des technologies r\u00e9volutionnaires qui transforment le monde que nous connaissons. La cryptomonnaie est une forme de monnaie digitale qui utilise la cryptographie <strong>pour s\u00e9curiser et contr\u00f4ler les transactions<\/strong>. La blockchain, quant \u00e0 elle, est une base de donn\u00e9es d\u00e9centralis\u00e9e qui permet de <strong>stocker de mani\u00e8re transparente et infalsifiable<\/strong> les informations relatives \u00e0 ces transactions.<\/p>\n<\/div>\n<\/div>\n\n\n\n<div style=\"height:10px\" aria-hidden=\"true\" class=\"wp-block-spacer\"><\/div>\n\n\n\n<p>\ud83d\udca1 Ces technologies associ\u00e9es, permettent de <strong>r\u00e9aliser des transactions rapides et s\u00e9curis\u00e9es<\/strong> sans l\u2019intervention d\u2019un tiers de confiance, tels que les banques. Elles ouvrent la voie \u00e0 de <strong>nouveaux mod\u00e8les d\u2019affaires et d\u2019interactions<\/strong>, notamment dans les domaines de la finance, de la logistique et de la propri\u00e9t\u00e9 intellectuelle<\/p>\n\n\n\n<p>Mais leurs applications ne se limitent pas aux transactions financi\u00e8res. Elles peuvent \u00e9galement \u00eatre <strong>utilis\u00e9es pour la gestion de la cha\u00eene d\u2019approvisionnement, la protection de la vie priv\u00e9e en ligne, la protection des donn\u00e9es personnelles et bien plus encore.<\/strong> John McAfee, fondateur de <a href=\"https:\/\/www.mcafee.com\/\" target=\"_blank\" rel=\"noreferrer noopener\">McAfee Associates<\/a>, a d\u00e9clar\u00e9 \u00ab\u00a0La blockchain va changer plus de choses dans les dix prochaines ann\u00e9es que l&rsquo;internet a chang\u00e9 au cours des trente derni\u00e8res ann\u00e9es.\u00a0\u00bb<\/p>\n\n\n\n<p>En conclusion, la cryptomonnaie et la blockchain sont<strong> des technologies en constante \u00e9volution<\/strong> qui ont <strong>un<\/strong> <strong>fort potentiel<\/strong> pour r\u00e9volutionner de nombreux aspects de notre vie quotidienne. Notre objectif est de rendre la cryptomonnaie accessible \u00e0 tout le monde, d\u2019o\u00f9 le nom de notre site \u00ab\u00a0crypto pour tous\u00a0\u00bb. Nous croyons que chacun devrait avoir acc\u00e8s cette nouvelle technologie qui continue \u00e0 \u00e9voluer et \u00e0 faire ses preuves un peu partout dans le monde.<\/p>\n<\/div><\/div>\n<\/div><\/div>\n<\/div><\/div>\n<\/div><\/div>\n<\/div><\/div>\n\n\n\n<div class=\"wp-block-group has-button-hover-text-color-color has-text-color has-background\" style=\"background:linear-gradient(124deg,rgb(2,3,129) 0%,rgb(40,116,252) 100%)\"><div class=\"wp-block-group__inner-container is-layout-constrained wp-block-group-is-layout-constrained\">\n<div style=\"height:24px\" aria-hidden=\"true\" class=\"wp-block-spacer\"><\/div>\n\n\n\n<h2 class=\"wp-block-heading has-text-align-center has-button-hover-text-color-color has-text-color\" style=\"font-size:18px\">Notre e-book \u00ab\u00a0Bitcoin, Cryptomonnaie et Blockchain : Comprendre de quoi on parle\u00a0\u00bb est l\u2019introduction ultime pour comprendre les sujets li\u00e9s au monde de la cryptomonnaie.<\/h2>\n\n\n<div class=\"wp-block-image\">\n<figure class=\"aligncenter size-large is-resized\"><img data-recalc-dims=\"1\" loading=\"lazy\" decoding=\"async\" width=\"605\" height=\"393\" src=\"https:\/\/i0.wp.com\/cryptopourtous.fr\/wp-content\/uploads\/2024\/08\/Capture-decran-ebook-Acceuil-edited.png?resize=605%2C393&#038;ssl=1\" alt=\"T\u00e9l\u00e9chargez votre ebook\" class=\"wp-image-660\" style=\"width:546px;height:auto\" srcset=\"https:\/\/i0.wp.com\/cryptopourtous.fr\/wp-content\/uploads\/2024\/08\/Capture-decran-ebook-Acceuil-edited.png?w=886&amp;ssl=1 886w, https:\/\/i0.wp.com\/cryptopourtous.fr\/wp-content\/uploads\/2024\/08\/Capture-decran-ebook-Acceuil-edited.png?resize=300%2C195&amp;ssl=1 300w, https:\/\/i0.wp.com\/cryptopourtous.fr\/wp-content\/uploads\/2024\/08\/Capture-decran-ebook-Acceuil-edited.png?resize=768%2C499&amp;ssl=1 768w, https:\/\/i0.wp.com\/cryptopourtous.fr\/wp-content\/uploads\/2024\/08\/Capture-decran-ebook-Acceuil-edited.png?resize=100%2C65&amp;ssl=1 100w, https:\/\/i0.wp.com\/cryptopourtous.fr\/wp-content\/uploads\/2024\/08\/Capture-decran-ebook-Acceuil-edited.png?resize=150%2C98&amp;ssl=1 150w, https:\/\/i0.wp.com\/cryptopourtous.fr\/wp-content\/uploads\/2024\/08\/Capture-decran-ebook-Acceuil-edited.png?resize=200%2C130&amp;ssl=1 200w, https:\/\/i0.wp.com\/cryptopourtous.fr\/wp-content\/uploads\/2024\/08\/Capture-decran-ebook-Acceuil-edited.png?resize=450%2C293&amp;ssl=1 450w, https:\/\/i0.wp.com\/cryptopourtous.fr\/wp-content\/uploads\/2024\/08\/Capture-decran-ebook-Acceuil-edited.png?resize=600%2C390&amp;ssl=1 600w, https:\/\/i0.wp.com\/cryptopourtous.fr\/wp-content\/uploads\/2024\/08\/Capture-decran-ebook-Acceuil-edited.png?resize=400%2C260&amp;ssl=1 400w\" sizes=\"auto, (max-width: 605px) 100vw, 605px\" \/><\/figure><\/div>\n\n\n<div class=\"wp-block-buttons alignwide is-vertical is-content-justification-center is-layout-flex wp-container-core-buttons-is-layout-9a7cdcfd wp-block-buttons-is-layout-flex\">\n<div class=\"wp-block-button aligncenter is-style-outline is-style-outline--1\"><a class=\"wp-block-button__link has-normal-font-size has-custom-font-size wp-element-button\" href=\"https:\/\/cryptopourtous.fr\/?product=e-book_cryptomonnaie-et-blockchain\">DECOUVRIR L&rsquo;E-BOOK<\/a><\/div>\n<\/div>\n\n\n\n<p>Nous croyons que cette nouvelle technologie, consid\u00e9r\u00e9e comme l\u2019une des plus importantes de notre temps, peut offrir de nouvelles opportunit\u00e9s pour les personnes de toutes les origines, et notre objectif est de les rendre accessibles \u00e0 tous.<\/p>\n\n\n\n<p>Nous comprenons que les crypto-monnaies et la blockchain peuvent \u00eatre complexes, c&rsquo;est pourquoi nous utilisons un langage clair et simple pour expliquer les concepts cl\u00e9s. Que vous soyez un d\u00e9butant ou un expert chevronn\u00e9, vous trouverez des informations utiles et pertinentes dans notre e-book.<\/p>\n\n\n\n<div style=\"height:10px\" aria-hidden=\"true\" class=\"wp-block-spacer\"><\/div>\n<\/div><\/div>\n\n\n\n<div style=\"height:40px\" aria-hidden=\"true\" class=\"wp-block-spacer\"><\/div>\n\n\n\n<blockquote class=\"wp-block-quote is-style-default has-responsive-container-background-color-color has-text-color has-background is-layout-flow wp-block-quote-is-layout-flow\" style=\"background-color:#c6c0c0;font-style:italic;font-weight:500\">\n<p><em>CryptoPourTous, pour une meilleure compr\u00e9hension des opportunit\u00e9s et des d\u00e9fis de demain.<\/em><\/p>\n<cite>CryptoPourTous.fr<\/cite><\/blockquote>\n","protected":false},"excerpt":{"rendered":"<p>Bienvenue sur CryptoPourTous, notre site web d\u00e9di\u00e9 \u00e0 la d\u00e9couverte de la Blockchain, une technologie consid\u00e9r\u00e9e comme r\u00e9volutionnaire dans de nombreux secteurs La blockchain n&rsquo;est plus une technologie lointaine, elle est d\u00e9j\u00e0 en train de changer notre monde\u00a0! \ud83d\udd0d D\u00e9couvrez &hellip;<\/p>\n<p class=\"read-more\"> <a class=\"more-link\" href=\"https:\/\/cryptopourtous.fr\/\"> <span class=\"screen-reader-text\">CryptoPourTous<\/span> Read More &raquo;<\/a><\/p>\n","protected":false},"author":1,"featured_media":0,"parent":0,"menu_order":0,"comment_status":"closed","ping_status":"closed","template":"full-width-page.php","meta":{"om_disable_all_campaigns":false,"_uf_show_specific_survey":0,"_uf_disable_surveys":false,"footnotes":""},"class_list":["post-67","page","type-page","status-publish","hentry"],"yoast_head":"<!-- This site is optimized with the Yoast SEO plugin v27.5 - https:\/\/yoast.com\/product\/yoast-seo-wordpress\/ -->\n<title>CryptoPourTous - CryptoPourTous<\/title>\n<meta name=\"description\" content=\"D\u00e9couvrez CryptoPourTous, votre guide pour tout comprendre \u00e0 la cryptomonnaie et \u00e0 la technologie Blockchain, quel que soit votre niveau.\" \/>\n<meta name=\"robots\" content=\"index, follow, max-snippet:-1, max-image-preview:large, max-video-preview:-1\" \/>\n<link rel=\"canonical\" href=\"https:\/\/cryptopourtous.fr\/\" \/>\n<meta property=\"og:locale\" content=\"fr_FR\" \/>\n<meta property=\"og:type\" content=\"article\" \/>\n<meta property=\"og:title\" content=\"CryptoPourTous - CryptoPourTous\" \/>\n<meta property=\"og:description\" content=\"D\u00e9couvrez CryptoPourTous, votre guide pour tout comprendre \u00e0 la cryptomonnaie et \u00e0 la technologie Blockchain, quel que soit votre niveau.\" \/>\n<meta property=\"og:url\" content=\"https:\/\/cryptopourtous.fr\/\" \/>\n<meta property=\"og:site_name\" content=\"CryptoPourTous\" \/>\n<meta property=\"article:modified_time\" content=\"2025-12-09T11:28:18+00:00\" \/>\n<meta property=\"og:image\" content=\"https:\/\/cryptopourtous.fr\/wp-content\/uploads\/2023\/03\/cropped-planet-1.png\" \/>\n<meta name=\"twitter:card\" content=\"summary_large_image\" \/>\n<meta name=\"twitter:label1\" content=\"Dur\u00e9e de lecture estim\u00e9e\" \/>\n\t<meta name=\"twitter:data1\" content=\"3 minutes\" \/>\n<script type=\"application\/ld+json\" class=\"yoast-schema-graph\">{\"@context\":\"https:\\\/\\\/schema.org\",\"@graph\":[{\"@type\":\"WebPage\",\"@id\":\"https:\\\/\\\/cryptopourtous.fr\\\/\",\"url\":\"https:\\\/\\\/cryptopourtous.fr\\\/\",\"name\":\"CryptoPourTous - CryptoPourTous\",\"isPartOf\":{\"@id\":\"https:\\\/\\\/cryptopourtous.fr\\\/#website\"},\"primaryImageOfPage\":{\"@id\":\"https:\\\/\\\/cryptopourtous.fr\\\/#primaryimage\"},\"image\":{\"@id\":\"https:\\\/\\\/cryptopourtous.fr\\\/#primaryimage\"},\"thumbnailUrl\":\"https:\\\/\\\/cryptopourtous.fr\\\/wp-content\\\/uploads\\\/2023\\\/03\\\/cropped-planet-1.png\",\"datePublished\":\"2023-02-28T15:50:33+00:00\",\"dateModified\":\"2025-12-09T11:28:18+00:00\",\"description\":\"D\u00e9couvrez CryptoPourTous, votre guide pour tout comprendre \u00e0 la cryptomonnaie et \u00e0 la technologie Blockchain, quel que soit votre niveau.\",\"breadcrumb\":{\"@id\":\"https:\\\/\\\/cryptopourtous.fr\\\/#breadcrumb\"},\"inLanguage\":\"fr-FR\",\"potentialAction\":[{\"@type\":\"ReadAction\",\"target\":[\"https:\\\/\\\/cryptopourtous.fr\\\/\"]}]},{\"@type\":\"ImageObject\",\"inLanguage\":\"fr-FR\",\"@id\":\"https:\\\/\\\/cryptopourtous.fr\\\/#primaryimage\",\"url\":\"https:\\\/\\\/i0.wp.com\\\/cryptopourtous.fr\\\/wp-content\\\/uploads\\\/2023\\\/03\\\/cropped-planet-1.png?fit=512%2C512&ssl=1\",\"contentUrl\":\"https:\\\/\\\/i0.wp.com\\\/cryptopourtous.fr\\\/wp-content\\\/uploads\\\/2023\\\/03\\\/cropped-planet-1.png?fit=512%2C512&ssl=1\",\"width\":512,\"height\":512},{\"@type\":\"BreadcrumbList\",\"@id\":\"https:\\\/\\\/cryptopourtous.fr\\\/#breadcrumb\",\"itemListElement\":[{\"@type\":\"ListItem\",\"position\":1,\"name\":\"Accueil\",\"item\":\"https:\\\/\\\/cryptopourtous.fr\\\/\"},{\"@type\":\"ListItem\",\"position\":2,\"name\":\"CryptoPourTous\"}]},{\"@type\":\"WebSite\",\"@id\":\"https:\\\/\\\/cryptopourtous.fr\\\/#website\",\"url\":\"https:\\\/\\\/cryptopourtous.fr\\\/\",\"name\":\"CryptoPourTous\",\"description\":\"\",\"publisher\":{\"@id\":\"https:\\\/\\\/cryptopourtous.fr\\\/#organization\"},\"potentialAction\":[{\"@type\":\"SearchAction\",\"target\":{\"@type\":\"EntryPoint\",\"urlTemplate\":\"https:\\\/\\\/cryptopourtous.fr\\\/?s={search_term_string}\"},\"query-input\":{\"@type\":\"PropertyValueSpecification\",\"valueRequired\":true,\"valueName\":\"search_term_string\"}}],\"inLanguage\":\"fr-FR\"},{\"@type\":\"Organization\",\"@id\":\"https:\\\/\\\/cryptopourtous.fr\\\/#organization\",\"name\":\"DigitalDynamic\",\"url\":\"https:\\\/\\\/cryptopourtous.fr\\\/\",\"logo\":{\"@type\":\"ImageObject\",\"inLanguage\":\"fr-FR\",\"@id\":\"https:\\\/\\\/cryptopourtous.fr\\\/#\\\/schema\\\/logo\\\/image\\\/\",\"url\":\"https:\\\/\\\/i0.wp.com\\\/cryptopourtous.fr\\\/wp-content\\\/uploads\\\/2023\\\/02\\\/cropped-CryptoPourTous.png?fit=479%2C204&ssl=1\",\"contentUrl\":\"https:\\\/\\\/i0.wp.com\\\/cryptopourtous.fr\\\/wp-content\\\/uploads\\\/2023\\\/02\\\/cropped-CryptoPourTous.png?fit=479%2C204&ssl=1\",\"width\":479,\"height\":204,\"caption\":\"DigitalDynamic\"},\"image\":{\"@id\":\"https:\\\/\\\/cryptopourtous.fr\\\/#\\\/schema\\\/logo\\\/image\\\/\"}}]}<\/script>\n<!-- \/ Yoast SEO plugin. -->","yoast_head_json":{"title":"CryptoPourTous - CryptoPourTous","description":"D\u00e9couvrez CryptoPourTous, votre guide pour tout comprendre \u00e0 la cryptomonnaie et \u00e0 la technologie Blockchain, quel que soit votre niveau.","robots":{"index":"index","follow":"follow","max-snippet":"max-snippet:-1","max-image-preview":"max-image-preview:large","max-video-preview":"max-video-preview:-1"},"canonical":"https:\/\/cryptopourtous.fr\/","og_locale":"fr_FR","og_type":"article","og_title":"CryptoPourTous - CryptoPourTous","og_description":"D\u00e9couvrez CryptoPourTous, votre guide pour tout comprendre \u00e0 la cryptomonnaie et \u00e0 la technologie Blockchain, quel que soit votre niveau.","og_url":"https:\/\/cryptopourtous.fr\/","og_site_name":"CryptoPourTous","article_modified_time":"2025-12-09T11:28:18+00:00","og_image":[{"url":"https:\/\/cryptopourtous.fr\/wp-content\/uploads\/2023\/03\/cropped-planet-1.png","type":"","width":"","height":""}],"twitter_card":"summary_large_image","twitter_misc":{"Dur\u00e9e de lecture estim\u00e9e":"3 minutes"},"schema":{"@context":"https:\/\/schema.org","@graph":[{"@type":"WebPage","@id":"https:\/\/cryptopourtous.fr\/","url":"https:\/\/cryptopourtous.fr\/","name":"CryptoPourTous - CryptoPourTous","isPartOf":{"@id":"https:\/\/cryptopourtous.fr\/#website"},"primaryImageOfPage":{"@id":"https:\/\/cryptopourtous.fr\/#primaryimage"},"image":{"@id":"https:\/\/cryptopourtous.fr\/#primaryimage"},"thumbnailUrl":"https:\/\/cryptopourtous.fr\/wp-content\/uploads\/2023\/03\/cropped-planet-1.png","datePublished":"2023-02-28T15:50:33+00:00","dateModified":"2025-12-09T11:28:18+00:00","description":"D\u00e9couvrez CryptoPourTous, votre guide pour tout comprendre \u00e0 la cryptomonnaie et \u00e0 la technologie Blockchain, quel que soit votre niveau.","breadcrumb":{"@id":"https:\/\/cryptopourtous.fr\/#breadcrumb"},"inLanguage":"fr-FR","potentialAction":[{"@type":"ReadAction","target":["https:\/\/cryptopourtous.fr\/"]}]},{"@type":"ImageObject","inLanguage":"fr-FR","@id":"https:\/\/cryptopourtous.fr\/#primaryimage","url":"https:\/\/i0.wp.com\/cryptopourtous.fr\/wp-content\/uploads\/2023\/03\/cropped-planet-1.png?fit=512%2C512&ssl=1","contentUrl":"https:\/\/i0.wp.com\/cryptopourtous.fr\/wp-content\/uploads\/2023\/03\/cropped-planet-1.png?fit=512%2C512&ssl=1","width":512,"height":512},{"@type":"BreadcrumbList","@id":"https:\/\/cryptopourtous.fr\/#breadcrumb","itemListElement":[{"@type":"ListItem","position":1,"name":"Accueil","item":"https:\/\/cryptopourtous.fr\/"},{"@type":"ListItem","position":2,"name":"CryptoPourTous"}]},{"@type":"WebSite","@id":"https:\/\/cryptopourtous.fr\/#website","url":"https:\/\/cryptopourtous.fr\/","name":"CryptoPourTous","description":"","publisher":{"@id":"https:\/\/cryptopourtous.fr\/#organization"},"potentialAction":[{"@type":"SearchAction","target":{"@type":"EntryPoint","urlTemplate":"https:\/\/cryptopourtous.fr\/?s={search_term_string}"},"query-input":{"@type":"PropertyValueSpecification","valueRequired":true,"valueName":"search_term_string"}}],"inLanguage":"fr-FR"},{"@type":"Organization","@id":"https:\/\/cryptopourtous.fr\/#organization","name":"DigitalDynamic","url":"https:\/\/cryptopourtous.fr\/","logo":{"@type":"ImageObject","inLanguage":"fr-FR","@id":"https:\/\/cryptopourtous.fr\/#\/schema\/logo\/image\/","url":"https:\/\/i0.wp.com\/cryptopourtous.fr\/wp-content\/uploads\/2023\/02\/cropped-CryptoPourTous.png?fit=479%2C204&ssl=1","contentUrl":"https:\/\/i0.wp.com\/cryptopourtous.fr\/wp-content\/uploads\/2023\/02\/cropped-CryptoPourTous.png?fit=479%2C204&ssl=1","width":479,"height":204,"caption":"DigitalDynamic"},"image":{"@id":"https:\/\/cryptopourtous.fr\/#\/schema\/logo\/image\/"}}]}},"jetpack_sharing_enabled":true,"_links":{"self":[{"href":"https:\/\/cryptopourtous.fr\/index.php?rest_route=\/wp\/v2\/pages\/67","targetHints":{"allow":["GET"]}}],"collection":[{"href":"https:\/\/cryptopourtous.fr\/index.php?rest_route=\/wp\/v2\/pages"}],"about":[{"href":"https:\/\/cryptopourtous.fr\/index.php?rest_route=\/wp\/v2\/types\/page"}],"author":[{"embeddable":true,"href":"https:\/\/cryptopourtous.fr\/index.php?rest_route=\/wp\/v2\/users\/1"}],"replies":[{"embeddable":true,"href":"https:\/\/cryptopourtous.fr\/index.php?rest_route=%2Fwp%2Fv2%2Fcomments&post=67"}],"version-history":[{"count":106,"href":"https:\/\/cryptopourtous.fr\/index.php?rest_route=\/wp\/v2\/pages\/67\/revisions"}],"predecessor-version":[{"id":1039,"href":"https:\/\/cryptopourtous.fr\/index.php?rest_route=\/wp\/v2\/pages\/67\/revisions\/1039"}],"wp:attachment":[{"href":"https:\/\/cryptopourtous.fr\/index.php?rest_route=%2Fwp%2Fv2%2Fmedia&parent=67"}],"curies":[{"name":"wp","href":"https:\/\/api.w.org\/{rel}","templated":true}]}}